{"id":36,"date":"2025-02-24T20:50:44","date_gmt":"2025-02-24T19:50:44","guid":{"rendered":"http:\/\/localhost\/wopr\/?page_id=36"},"modified":"2025-02-26T09:58:12","modified_gmt":"2025-02-26T08:58:12","slug":"kontakt","status":"publish","type":"page","link":"https:\/\/bwopr.pl\/?page_id=36","title":{"rendered":"Kontakt"},"content":{"rendered":"<h3 class=\"uk-card-title\">Biuro<\/h3>\n<ul>\n<li>ul. Niepodleg\u0142o\u015bci 44<\/li>\n<li>38-400 Krosno<\/li>\n<li>tel. 13 43 254 32<\/li>\n<li>tel. 695 770 641<\/li>\n<\/ul>\n<p>&nbsp;<\/p>\n<h3 class=\"uk-card-title\">Baza Centralna<\/h3>\n<ul>\n<li>ul. Zdrojowa 57<\/li>\n<li>38-610 Pola\u0144czyk<\/li>\n<li>tel. 13 46 661 64<\/li>\n<li>tel. 607 384 523<\/li>\n<\/ul>\n<h3 class=\"uk-card-title\">Informacje<\/h3>\n<ul>\n<li>e-mail: info@bwopr.pl<\/li>\n<li>NIP: 684 10 21 127<\/li>\n<li>KRS: 0000052488<\/li>\n<li>REGON: 000824729<\/li>\n<\/ul>\n<p>konto bankowe: PKO BP 76 1020 2964 0000 6502 0172 0172 75 69<\/p>\n","protected":false},"excerpt":{"rendered":"<p>Biuro ul. Niepodleg\u0142o\u015bci 44 38-400 Krosno tel. 13 43 254 32 tel. 695 770 641 &nbsp; Baza Centralna ul. Zdrojowa 57 38-610 Pola\u0144czyk tel. 13 46 661 64 tel. 607 384 523 Informacje e-mail: info@bwopr.pl NIP: 684 10 21 127 KRS: 0000052488 REGON: 000824729 konto bankowe: PKO BP 76 1020 2964 0000 6502 0172 0172 75 69<\/p>\n","protected":false},"author":1,"featured_media":0,"parent":0,"menu_order":0,"comment_status":"closed","ping_status":"closed","template":"","meta":{"footnotes":""},"class_list":["post-36","page","type-page","status-publish","hentry"],"_links":{"self":[{"href":"https:\/\/bwopr.pl\/index.php?rest_route=\/wp\/v2\/pages\/36","targetHints":{"allow":["GET"]}}],"collection":[{"href":"https:\/\/bwopr.pl\/index.php?rest_route=\/wp\/v2\/pages"}],"about":[{"href":"https:\/\/bwopr.pl\/index.php?rest_route=\/wp\/v2\/types\/page"}],"author":[{"embeddable":true,"href":"https:\/\/bwopr.pl\/index.php?rest_route=\/wp\/v2\/users\/1"}],"replies":[{"embeddable":true,"href":"https:\/\/bwopr.pl\/index.php?rest_route=%2Fwp%2Fv2%2Fcomments&post=36"}],"version-history":[{"count":3,"href":"https:\/\/bwopr.pl\/index.php?rest_route=\/wp\/v2\/pages\/36\/revisions"}],"predecessor-version":[{"id":1001,"href":"https:\/\/bwopr.pl\/index.php?rest_route=\/wp\/v2\/pages\/36\/revisions\/1001"}],"wp:attachment":[{"href":"https:\/\/bwopr.pl\/index.php?rest_route=%2Fwp%2Fv2%2Fmedia&parent=36"}],"curies":[{"name":"wp","href":"https:\/\/api.w.org\/{rel}","templated":true}]}}