{"id":973,"date":"2025-02-25T21:53:18","date_gmt":"2025-02-25T20:53:18","guid":{"rendered":"http:\/\/localhost\/wopr\/?page_id=973"},"modified":"2025-02-25T21:53:18","modified_gmt":"2025-02-25T20:53:18","slug":"o-nas","status":"publish","type":"page","link":"https:\/\/bwopr.pl\/?page_id=973","title":{"rendered":"O nas"},"content":{"rendered":"<h2 class=\"uk-card-title\">Zarz\u0105d<\/h2>\n<table class=\"uk-table\">\n<tbody>\n<tr>\n<th><b>mi\u0119 \/ NAZWISKO<\/b><\/th>\n<th><b>FUNKCJA<\/b><\/th>\n<\/tr>\n<tr>\n<td>Artur Szyma\u0144ski<\/td>\n<td>Prezes<\/td>\n<\/tr>\n<tr>\n<td>Maciej Jurczak<\/td>\n<td>Wiceprezes<\/td>\n<\/tr>\n<tr>\n<td>Andrzej S\u0142abik<\/td>\n<td>Skarbnik<\/td>\n<\/tr>\n<tr>\n<td>Deptuch Pawe\u0142<\/td>\n<td>Sekretarz<\/td>\n<\/tr>\n<tr>\n<td>Szmyd Rafa\u0142<\/td>\n<td>cz\u0142onek<\/td>\n<\/tr>\n<tr>\n<td>Nycz Tomasz<\/td>\n<td>cz\u0142onek<\/td>\n<\/tr>\n<tr>\n<td><\/td>\n<\/tr>\n<\/tbody>\n<\/table>\n","protected":false},"excerpt":{"rendered":"<p>Zarz\u0105d mi\u0119 \/ NAZWISKO FUNKCJA Artur Szyma\u0144ski Prezes Maciej Jurczak Wiceprezes Andrzej S\u0142abik Skarbnik Deptuch Pawe\u0142 Sekretarz Szmyd Rafa\u0142 cz\u0142onek Nycz Tomasz cz\u0142onek<\/p>\n","protected":false},"author":1,"featured_media":0,"parent":0,"menu_order":0,"comment_status":"closed","ping_status":"closed","template":"","meta":{"footnotes":""},"class_list":["post-973","page","type-page","status-publish","hentry"],"_links":{"self":[{"href":"https:\/\/bwopr.pl\/index.php?rest_route=\/wp\/v2\/pages\/973","targetHints":{"allow":["GET"]}}],"collection":[{"href":"https:\/\/bwopr.pl\/index.php?rest_route=\/wp\/v2\/pages"}],"about":[{"href":"https:\/\/bwopr.pl\/index.php?rest_route=\/wp\/v2\/types\/page"}],"author":[{"embeddable":true,"href":"https:\/\/bwopr.pl\/index.php?rest_route=\/wp\/v2\/users\/1"}],"replies":[{"embeddable":true,"href":"https:\/\/bwopr.pl\/index.php?rest_route=%2Fwp%2Fv2%2Fcomments&post=973"}],"version-history":[{"count":1,"href":"https:\/\/bwopr.pl\/index.php?rest_route=\/wp\/v2\/pages\/973\/revisions"}],"predecessor-version":[{"id":974,"href":"https:\/\/bwopr.pl\/index.php?rest_route=\/wp\/v2\/pages\/973\/revisions\/974"}],"wp:attachment":[{"href":"https:\/\/bwopr.pl\/index.php?rest_route=%2Fwp%2Fv2%2Fmedia&parent=973"}],"curies":[{"name":"wp","href":"https:\/\/api.w.org\/{rel}","templated":true}]}}